{"id":196,"date":"2025-09-09T07:17:03","date_gmt":"2025-09-09T07:17:03","guid":{"rendered":"https:\/\/raylisistemler.emo.tr\/?page_id=196"},"modified":"2025-09-09T07:23:43","modified_gmt":"2025-09-09T07:23:43","slug":"iletisim","status":"publish","type":"page","link":"https:\/\/raylisistemler.emo.tr\/?page_id=196","title":{"rendered":"\u0130LET\u0130\u015e\u0130M"},"content":{"rendered":"\t\t<div data-elementor-type=\"wp-page\" data-elementor-id=\"196\" class=\"elementor elementor-196\" data-elementor-post-type=\"page\">\n\t\t\t\t<div data-particle_enable=\"false\" data-particle-mobile-disabled=\"false\" class=\"elementor-element elementor-element-9875163 e-flex e-con-boxed e-con e-parent\" data-id=\"9875163\" data-element_type=\"container\" data-settings=\"{&quot;background_background&quot;:&quot;classic&quot;}\">\n\t\t\t\t\t<div class=\"e-con-inner\">\n\t\t<div data-particle_enable=\"false\" data-particle-mobile-disabled=\"false\" class=\"elementor-element elementor-element-a966021 e-con-full e-flex e-con e-child\" data-id=\"a966021\" data-element_type=\"container\" data-settings=\"{&quot;background_background&quot;:&quot;classic&quot;}\">\n\t\t<div data-particle_enable=\"false\" data-particle-mobile-disabled=\"false\" class=\"elementor-element elementor-element-87c5a5c e-con-full e-flex e-con e-child\" data-id=\"87c5a5c\" data-element_type=\"container\">\n\t\t\t\t<div class=\"elementor-element elementor-element-0a2a3b5 elementor-widget elementor-widget-text-editor\" data-id=\"0a2a3b5\" data-element_type=\"widget\" data-widget_type=\"text-editor.default\">\n\t\t\t\t\t\t\t\t\t<p style=\"text-align: right;\"><strong>Kongre Yeri ve Tarihi<\/strong><br \/>Eski\u015fehir Odunpazar\u0131 Belediyesi<br \/>Hasan Polatkan K\u00fclt\u00fcr Merkezi<\/p><p style=\"text-align: right;\"><strong>6-7-8 Kas\u0131m 2025<\/strong><\/p>\t\t\t\t\t\t\t\t<\/div>\n\t\t\t\t<\/div>\n\t\t<div data-particle_enable=\"false\" data-particle-mobile-disabled=\"false\" class=\"elementor-element elementor-element-1f8f3dd e-con-full e-flex e-con e-child\" data-id=\"1f8f3dd\" data-element_type=\"container\">\n\t\t\t\t<div class=\"elementor-element elementor-element-cacfd2e elementor-widget elementor-widget-text-editor\" data-id=\"cacfd2e\" data-element_type=\"widget\" data-widget_type=\"text-editor.default\">\n\t\t\t\t\t\t\t\t\t<p style=\"text-align: right;\"><strong>Yaz\u0131\u015fma Adresi:<\/strong> <br \/>\u0130stiklal Mah. \u015eair Fuzuli Cd.<br \/>\u00d6zkal \u0130\u015f Merkezi 36\/1 Odunpazar\u0131 \/ESK\u0130\u015eEH\u0130R<br \/>Tel: 0 222 231 94 47<br \/>E-Posta: raylisistemler.eskisehir@emo.org.tr<\/p>\t\t\t\t\t\t\t\t<\/div>\n\t\t\t\t<\/div>\n\t\t\t\t<\/div>\n\t\t<div data-particle_enable=\"false\" data-particle-mobile-disabled=\"false\" class=\"elementor-element elementor-element-95c4288 e-con-full e-flex e-con e-child\" data-id=\"95c4288\" data-element_type=\"container\" data-settings=\"{&quot;background_background&quot;:&quot;classic&quot;}\">\n\t\t<div data-particle_enable=\"false\" data-particle-mobile-disabled=\"false\" class=\"elementor-element elementor-element-85476b4 e-con-full e-flex e-con e-child\" data-id=\"85476b4\" data-element_type=\"container\">\n\t\t\t\t<div class=\"elementor-element elementor-element-7705133 elementor-widget elementor-widget-google_maps\" data-id=\"7705133\" data-element_type=\"widget\" data-widget_type=\"google_maps.default\">\n\t\t\t\t\t\t\t<div class=\"elementor-custom-embed\">\n\t\t\t<iframe loading=\"lazy\"\n\t\t\t\t\tsrc=\"https:\/\/maps.google.com\/maps?q=HASAN%20POLATKAN%20K%C3%9CLT%C3%9CR%20MERKEZ%C4%B0&#038;t=m&#038;z=14&#038;output=embed&#038;iwloc=near\"\n\t\t\t\t\ttitle=\"HASAN POLATKAN K\u00dcLT\u00dcR MERKEZ\u0130\"\n\t\t\t\t\taria-label=\"HASAN POLATKAN K\u00dcLT\u00dcR MERKEZ\u0130\"\n\t\t\t><\/iframe>\n\t\t<\/div>\n\t\t\t\t\t\t<\/div>\n\t\t\t\t<\/div>\n\t\t\t\t<\/div>\n\t\t\t\t\t<\/div>\n\t\t\t\t<\/div>\n\t\t\t\t<\/div>\n\t\t","protected":false},"excerpt":{"rendered":"<p>Kongre Yeri ve TarihiEski\u015fehir Odunpazar\u0131 BelediyesiHasan Polatkan K\u00fclt\u00fcr Merkezi 6-7-8 Kas\u0131m 2025 Yaz\u0131\u015fma Adresi: \u0130stiklal Mah. \u015eair Fuzuli Cd.\u00d6zkal \u0130\u015f Merkezi 36\/1 Odunpazar\u0131 \/ESK\u0130\u015eEH\u0130RTel: 0 222 231 94 47E-Posta: raylisistemler.eskisehir@emo.org.tr<\/p>\n","protected":false},"author":1,"featured_media":0,"parent":0,"menu_order":0,"comment_status":"closed","ping_status":"closed","template":"elementor_header_footer","meta":{"footnotes":""},"class_list":["post-196","page","type-page","status-publish","hentry"],"_links":{"self":[{"href":"https:\/\/raylisistemler.emo.tr\/index.php?rest_route=\/wp\/v2\/pages\/196","targetHints":{"allow":["GET"]}}],"collection":[{"href":"https:\/\/raylisistemler.emo.tr\/index.php?rest_route=\/wp\/v2\/pages"}],"about":[{"href":"https:\/\/raylisistemler.emo.tr\/index.php?rest_route=\/wp\/v2\/types\/page"}],"author":[{"embeddable":true,"href":"https:\/\/raylisistemler.emo.tr\/index.php?rest_route=\/wp\/v2\/users\/1"}],"replies":[{"embeddable":true,"href":"https:\/\/raylisistemler.emo.tr\/index.php?rest_route=%2Fwp%2Fv2%2Fcomments&post=196"}],"version-history":[{"count":4,"href":"https:\/\/raylisistemler.emo.tr\/index.php?rest_route=\/wp\/v2\/pages\/196\/revisions"}],"predecessor-version":[{"id":200,"href":"https:\/\/raylisistemler.emo.tr\/index.php?rest_route=\/wp\/v2\/pages\/196\/revisions\/200"}],"wp:attachment":[{"href":"https:\/\/raylisistemler.emo.tr\/index.php?rest_route=%2Fwp%2Fv2%2Fmedia&parent=196"}],"curies":[{"name":"wp","href":"https:\/\/api.w.org\/{rel}","templated":true}]}}